{"id":3645,"date":"2022-05-20T11:13:45","date_gmt":"2022-05-20T09:13:45","guid":{"rendered":"https:\/\/chartvalor.odin.toweb.swiss\/team\/edoardo-assirelli\/"},"modified":"2023-02-07T11:23:04","modified_gmt":"2023-02-07T10:23:04","slug":"edoardo-assirelli","status":"publish","type":"page","link":"https:\/\/chartvalor.ch\/en\/team\/edoardo-assirelli\/","title":{"rendered":"Edoardo Assirelli"},"content":{"rendered":"<p><div class=\"fusion-fullwidth fullwidth-box fusion-builder-row-1 fusion-flex-container nonhundred-percent-fullwidth non-hundred-percent-height-scrolling fusion-sticky-container\" style=\"--awb-border-radius-top-left:0px;--awb-border-radius-top-right:0px;--awb-border-radius-bottom-right:0px;--awb-border-radius-bottom-left:0px;--awb-padding-top:15px;--awb-padding-bottom:15px;--awb-padding-top-medium:040px;--awb-padding-top-small:20px;--awb-background-color:var(--awb-color1);\" data-transition-offset=\"0\" data-sticky-offset=\"94\" data-scroll-offset=\"0\" data-sticky-large-visibility=\"1\" ><div class=\"fusion-builder-row fusion-row fusion-flex-align-items-flex-start fusion-flex-justify-content-flex-end\" style=\"max-width:1310.4px;margin-left: calc(-4% \/ 2 );margin-right: calc(-4% \/ 2 );\"><div class=\"fusion-layout-column fusion_builder_column fusion-builder-column-0 fusion_builder_column_1_1 1_1 fusion-flex-column\" style=\"--awb-padding-top:0px;--awb-padding-bottom:0px;--awb-padding-top-medium:0px;--awb-padding-right-medium:0px;--awb-padding-bottom-medium:0px;--awb-padding-left-medium:0px;--awb-bg-color:var(--awb-color1);--awb-bg-size:cover;--awb-width-large:100%;--awb-margin-top-large:0px;--awb-spacing-right-large:1.92%;--awb-margin-bottom-large:0px;--awb-spacing-left-large:1.92%;--awb-width-medium:100%;--awb-order-medium:0;--awb-spacing-right-medium:1.92%;--awb-spacing-left-medium:1.92%;--awb-width-small:100%;--awb-order-small:0;--awb-spacing-right-small:1.92%;--awb-spacing-left-small:1.92%;\"><div class=\"fusion-column-wrapper fusion-column-has-shadow fusion-flex-justify-content-flex-start fusion-content-layout-column\"><div class=\"fusion-text fusion-text-1\"><div style=\"display: flex; flex-wrap: wrap; gap: 40px; justify-content: flex-end; align-items: center;\">\n<div><span class=\"fas fa-phone\"> <\/span> <a href=\"tel:0041442096070\">+41 (0)44 209 60 70<\/a><\/div>\n<div><span class=\"fas fa-mobile\"> <\/span><a href=\"tel:0041792364609\">+41(0)79 236 46 09<\/a><\/div>\n<div><span class=\"fas fa-envelope\"> <\/span><a href=\"&#x6d;&#x61;&#x69;&#x6c;&#x74;&#x6f;&#x3a;&#x65;&#x64;&#x6f;&#x61;&#x72;&#x64;&#x6f;&#46;&#97;&#115;&#115;&#105;&#114;&#101;&#108;&#108;&#105;&#64;chartval&#x6f;&#x72;&#x2e;&#x63;&#x68;\">&#x65;d&#x6f;&#97;r&#x64;&#111;&#x2e;&#97;s&#x73;&#105;&#x72;&#101;l&#x6c;&#105;&#x40;&#x63;h&#x61;&#114;t&#x76;&#97;&#x6c;&#111;r&#x2e;&#99;&#x68;<\/a><\/div>\n<\/div>\n<\/div><\/div><\/div><\/div><\/div><div class=\"fusion-fullwidth fullwidth-box fusion-builder-row-2 fusion-flex-container nonhundred-percent-fullwidth non-hundred-percent-height-scrolling\" style=\"--awb-border-sizes-top:0;--awb-border-sizes-bottom:0;--awb-border-radius-top-left:0px;--awb-border-radius-top-right:0px;--awb-border-radius-bottom-right:0px;--awb-border-radius-bottom-left:0px;--awb-padding-top:0px;--awb-padding-bottom:0px;--awb-margin-top:0px;--awb-margin-bottom:0px;\" ><div class=\"fusion-builder-row fusion-row fusion-flex-align-items-flex-start\" style=\"max-width:1310.4px;margin-left: calc(-4% \/ 2 );margin-right: calc(-4% \/ 2 );\"><div class=\"fusion-layout-column fusion_builder_column fusion-builder-column-1 fusion_builder_column_1_1 1_1 fusion-flex-column\" style=\"--awb-bg-size:cover;--awb-width-large:100%;--awb-margin-top-large:20px;--awb-spacing-right-large:1.92%;--awb-margin-bottom-large:20px;--awb-spacing-left-large:1.92%;--awb-width-medium:100%;--awb-order-medium:0;--awb-spacing-right-medium:1.92%;--awb-spacing-left-medium:1.92%;--awb-width-small:100%;--awb-order-small:0;--awb-spacing-right-small:1.92%;--awb-spacing-left-small:1.92%;\"><div class=\"fusion-column-wrapper fusion-column-has-shadow fusion-flex-justify-content-flex-start fusion-content-layout-column\"><div class=\"fusion-title title fusion-title-1 fusion-sep-none fusion-title-text fusion-title-size-one\" style=\"--awb-margin-bottom:0px;\"><h1 class=\"title-heading-left fusion-responsive-typography-calculated\" style=\"margin:0;--fontSize:48;line-height:var(--awb-typography1-line-height);\">EDOARDO ASSIRELLI, 1970<\/h1><\/div><div class=\"fusion-text fusion-text-2 fusion-text-no-margin\"><p>Partner \/ Betriebs\u00f6konom KSZH (MBA)<\/p>\n<\/div><\/div><\/div><\/div><\/div><div class=\"fusion-fullwidth fullwidth-box fusion-builder-row-3 fusion-flex-container nonhundred-percent-fullwidth non-hundred-percent-height-scrolling\" style=\"--awb-border-radius-top-left:0px;--awb-border-radius-top-right:0px;--awb-border-radius-bottom-right:0px;--awb-border-radius-bottom-left:0px;--awb-padding-top:0px;\" ><div class=\"fusion-builder-row fusion-row fusion-flex-align-items-flex-start\" style=\"max-width:1310.4px;margin-left: calc(-4% \/ 2 );margin-right: calc(-4% \/ 2 );\"><div class=\"fusion-layout-column fusion_builder_column fusion-builder-column-2 fusion_builder_column_1_1 1_1 fusion-flex-column print:my-0 print:mb-3\" style=\"--awb-bg-size:cover;--awb-width-large:100%;--awb-margin-top-large:20px;--awb-spacing-right-large:1.92%;--awb-margin-bottom-large:50px;--awb-spacing-left-large:1.92%;--awb-width-medium:100%;--awb-order-medium:0;--awb-spacing-right-medium:1.92%;--awb-spacing-left-medium:1.92%;--awb-width-small:100%;--awb-order-small:0;--awb-spacing-right-small:1.92%;--awb-margin-bottom-small:40px;--awb-spacing-left-small:1.92%;\"><div class=\"fusion-column-wrapper fusion-column-has-shadow fusion-flex-justify-content-flex-start fusion-content-layout-column\"><div class=\"fusion-image-element \" style=\"--awb-caption-title-size:var(--h2_typography-font-size);--awb-caption-title-transform:var(--h2_typography-text-transform);--awb-caption-title-line-height:var(--h2_typography-line-height);--awb-caption-title-letter-spacing:var(--h2_typography-letter-spacing);\"><span class=\" fusion-imageframe imageframe-none imageframe-1 hover-type-none img-w-100\"><img decoding=\"async\" width=\"900\" height=\"350\" title=\"edoardo-assirelli-detail\" src=\"https:\/\/chartvalor.ch\/wp-content\/uploads\/2022\/05\/edoardo-assirelli-detail.jpg\" data-orig-src=\"https:\/\/chartvalor.ch\/wp-content\/uploads\/2022\/05\/edoardo-assirelli-detail.jpg\" alt class=\"lazyload img-responsive wp-image-3533\" srcset=\"data:image\/svg+xml,%3Csvg%20xmlns%3D%27http%3A%2F%2Fwww.w3.org%2F2000%2Fsvg%27%20width%3D%27900%27%20height%3D%27350%27%20viewBox%3D%270%200%20900%20350%27%3E%3Crect%20width%3D%27900%27%20height%3D%27350%27%20fill-opacity%3D%220%22%2F%3E%3C%2Fsvg%3E\" data-srcset=\"https:\/\/chartvalor.ch\/wp-content\/uploads\/2022\/05\/edoardo-assirelli-detail-200x78.jpg 200w, https:\/\/chartvalor.ch\/wp-content\/uploads\/2022\/05\/edoardo-assirelli-detail-400x156.jpg 400w, https:\/\/chartvalor.ch\/wp-content\/uploads\/2022\/05\/edoardo-assirelli-detail-600x233.jpg 600w, https:\/\/chartvalor.ch\/wp-content\/uploads\/2022\/05\/edoardo-assirelli-detail-800x311.jpg 800w, https:\/\/chartvalor.ch\/wp-content\/uploads\/2022\/05\/edoardo-assirelli-detail.jpg 900w\" data-sizes=\"auto\" data-orig-sizes=\"(max-width: 640px) 100vw, 900px\" \/><\/span><\/div><\/div><\/div><div class=\"fusion-layout-column fusion_builder_column fusion-builder-column-3 fusion_builder_column_1_2 1_2 fusion-flex-column print:my-0\" style=\"--awb-padding-bottom:0px;--awb-padding-bottom-small:0px;--awb-bg-size:cover;--awb-width-large:50%;--awb-margin-top-large:20px;--awb-spacing-right-large:3.84%;--awb-margin-bottom-large:20px;--awb-spacing-left-large:3.84%;--awb-width-medium:50%;--awb-order-medium:0;--awb-spacing-right-medium:3.84%;--awb-spacing-left-medium:3.84%;--awb-width-small:100%;--awb-order-small:0;--awb-spacing-right-small:1.92%;--awb-spacing-left-small:1.92%;\"><div class=\"fusion-column-wrapper fusion-column-has-shadow fusion-flex-justify-content-flex-start fusion-content-layout-column\"><div class=\"fusion-title title fusion-title-2 fusion-sep-none fusion-title-text fusion-title-size-two\"><h2 class=\"title-heading-left fusion-responsive-typography-calculated\" style=\"margin:0;--fontSize:48;line-height:1.2;\">Berufliche Laufbahn<\/h2><\/div><div class=\"fusion-text fusion-text-3 fusion-text-no-margin\" style=\"--awb-margin-bottom:50px;\"><p><strong>Seit Juli 2014<\/strong><br \/>\nSelbst\u00e4ndiger Verm\u00f6gensverwalter<br \/>\nPartner Chartvalor AG<\/p>\n<p><strong>1999-2014<\/strong><br \/>\nSelbst\u00e4ndiger Verm\u00f6gensverwalter<br \/>\nGesch\u00e4ftsf\u00fchrer und Pr\u00e4sident des Verwaltungsrates<br \/>\nCALM Finance AG, Z\u00fcrich<\/p>\n<p><strong>1994-1998<\/strong><br \/>\nAnlageberater (Team Italy)<br \/>\nUBS Z\u00fcrich<\/p>\n<p><strong>1991-1993<\/strong><br \/>\nPraktikum f\u00fcr Wirtschaftsmaturanden<br \/>\nUBS Z\u00fcrich<\/p>\n<\/div><\/div><\/div><div class=\"fusion-layout-column fusion_builder_column fusion-builder-column-4 fusion_builder_column_1_2 1_2 fusion-flex-column print:my-0\" style=\"--awb-bg-size:cover;--awb-width-large:50%;--awb-margin-top-large:20px;--awb-spacing-right-large:3.84%;--awb-margin-bottom-large:20px;--awb-spacing-left-large:3.84%;--awb-width-medium:50%;--awb-order-medium:0;--awb-spacing-right-medium:3.84%;--awb-spacing-left-medium:3.84%;--awb-width-small:100%;--awb-order-small:0;--awb-spacing-right-small:1.92%;--awb-spacing-left-small:1.92%;\"><div class=\"fusion-column-wrapper fusion-column-has-shadow fusion-flex-justify-content-flex-start fusion-content-layout-column\"><div class=\"fusion-title title fusion-title-3 fusion-sep-none fusion-title-text fusion-title-size-two\"><h2 class=\"title-heading-left fusion-responsive-typography-calculated\" style=\"margin:0;--fontSize:48;line-height:1.2;\">Pers\u00f6nliches<\/h2><\/div><div class=\"fusion-text fusion-text-4\"><p>Allumfassende Betreuung nationaler und internationaler Kunden, die sehr grossen Wert auf eine pers\u00f6nliche und individuelle Beratung legen.<br \/>\nMeine 30-j\u00e4hrige Berufserfahrung \u2013 wovon 25 Jahre in Selbstst\u00e4ndigkeit \u2013 und die ebenso langen Kundenbeziehungen widerspiegeln meine Qualit\u00e4ten als Verm\u00f6gensverwalter. Das damit verbundene Vertrauen und die Zufriedenheit meiner Kunden sind der beste Beweis meines Erfolges.<\/p>\n<p>Sprachen:<br \/>\nDeutsch, Italienisch, Englisch und Franz\u00f6sisch<\/p>\n<\/div><\/div><\/div><\/div><\/div><\/p>\n","protected":false},"excerpt":{"rendered":"","protected":false},"author":1,"featured_media":0,"parent":3619,"menu_order":0,"comment_status":"closed","ping_status":"closed","template":"100-width.php","meta":{"footnotes":"","_links_to":"","_links_to_target":""},"class_list":["post-3645","page","type-page","status-publish","hentry"],"yoast_head":"<!-- This site is optimized with the Yoast SEO plugin v24.9 - https:\/\/yoast.com\/wordpress\/plugins\/seo\/ -->\n<title>Edoardo Assirelli - Chartvalor AG<\/title>\n<meta name=\"robots\" content=\"index, follow, max-snippet:-1, max-image-preview:large, max-video-preview:-1\" \/>\n<link rel=\"canonical\" href=\"https:\/\/chartvalor.ch\/en\/team\/edoardo-assirelli\/\" \/>\n<meta property=\"og:locale\" content=\"en_US\" \/>\n<meta property=\"og:type\" content=\"article\" \/>\n<meta property=\"og:title\" content=\"Edoardo Assirelli - Chartvalor AG\" \/>\n<meta property=\"og:url\" content=\"https:\/\/chartvalor.ch\/en\/team\/edoardo-assirelli\/\" \/>\n<meta property=\"og:site_name\" content=\"Chartvalor AG\" \/>\n<meta property=\"article:modified_time\" content=\"2023-02-07T10:23:04+00:00\" \/>\n<meta name=\"twitter:card\" content=\"summary_large_image\" \/>\n<meta name=\"twitter:label1\" content=\"Est. reading time\" \/>\n\t<meta name=\"twitter:data1\" content=\"6 minutes\" \/>\n<script type=\"application\/ld+json\" class=\"yoast-schema-graph\">{\"@context\":\"https:\/\/schema.org\",\"@graph\":[{\"@type\":\"WebPage\",\"@id\":\"https:\/\/chartvalor.ch\/en\/team\/edoardo-assirelli\/\",\"url\":\"https:\/\/chartvalor.ch\/en\/team\/edoardo-assirelli\/\",\"name\":\"Edoardo Assirelli - Chartvalor AG\",\"isPartOf\":{\"@id\":\"https:\/\/chartvalor.ch\/#website\"},\"datePublished\":\"2022-05-20T09:13:45+00:00\",\"dateModified\":\"2023-02-07T10:23:04+00:00\",\"breadcrumb\":{\"@id\":\"https:\/\/chartvalor.ch\/en\/team\/edoardo-assirelli\/#breadcrumb\"},\"inLanguage\":\"en-US\",\"potentialAction\":[{\"@type\":\"ReadAction\",\"target\":[\"https:\/\/chartvalor.ch\/en\/team\/edoardo-assirelli\/\"]}]},{\"@type\":\"BreadcrumbList\",\"@id\":\"https:\/\/chartvalor.ch\/en\/team\/edoardo-assirelli\/#breadcrumb\",\"itemListElement\":[{\"@type\":\"ListItem\",\"position\":1,\"name\":\"Home\",\"item\":\"https:\/\/chartvalor.ch\/en\/\"},{\"@type\":\"ListItem\",\"position\":2,\"name\":\"Team\",\"item\":\"https:\/\/chartvalor.ch\/en\/team\/\"},{\"@type\":\"ListItem\",\"position\":3,\"name\":\"Edoardo Assirelli\"}]},{\"@type\":\"WebSite\",\"@id\":\"https:\/\/chartvalor.ch\/#website\",\"url\":\"https:\/\/chartvalor.ch\/\",\"name\":\"Chartvalor AG\",\"description\":\"\",\"potentialAction\":[{\"@type\":\"SearchAction\",\"target\":{\"@type\":\"EntryPoint\",\"urlTemplate\":\"https:\/\/chartvalor.ch\/?s={search_term_string}\"},\"query-input\":{\"@type\":\"PropertyValueSpecification\",\"valueRequired\":true,\"valueName\":\"search_term_string\"}}],\"inLanguage\":\"en-US\"}]}<\/script>\n<!-- \/ Yoast SEO plugin. -->","yoast_head_json":{"title":"Edoardo Assirelli - Chartvalor AG","robots":{"index":"index","follow":"follow","max-snippet":"max-snippet:-1","max-image-preview":"max-image-preview:large","max-video-preview":"max-video-preview:-1"},"canonical":"https:\/\/chartvalor.ch\/en\/team\/edoardo-assirelli\/","og_locale":"en_US","og_type":"article","og_title":"Edoardo Assirelli - Chartvalor AG","og_url":"https:\/\/chartvalor.ch\/en\/team\/edoardo-assirelli\/","og_site_name":"Chartvalor AG","article_modified_time":"2023-02-07T10:23:04+00:00","twitter_card":"summary_large_image","twitter_misc":{"Est. reading time":"6 minutes"},"schema":{"@context":"https:\/\/schema.org","@graph":[{"@type":"WebPage","@id":"https:\/\/chartvalor.ch\/en\/team\/edoardo-assirelli\/","url":"https:\/\/chartvalor.ch\/en\/team\/edoardo-assirelli\/","name":"Edoardo Assirelli - Chartvalor AG","isPartOf":{"@id":"https:\/\/chartvalor.ch\/#website"},"datePublished":"2022-05-20T09:13:45+00:00","dateModified":"2023-02-07T10:23:04+00:00","breadcrumb":{"@id":"https:\/\/chartvalor.ch\/en\/team\/edoardo-assirelli\/#breadcrumb"},"inLanguage":"en-US","potentialAction":[{"@type":"ReadAction","target":["https:\/\/chartvalor.ch\/en\/team\/edoardo-assirelli\/"]}]},{"@type":"BreadcrumbList","@id":"https:\/\/chartvalor.ch\/en\/team\/edoardo-assirelli\/#breadcrumb","itemListElement":[{"@type":"ListItem","position":1,"name":"Home","item":"https:\/\/chartvalor.ch\/en\/"},{"@type":"ListItem","position":2,"name":"Team","item":"https:\/\/chartvalor.ch\/en\/team\/"},{"@type":"ListItem","position":3,"name":"Edoardo Assirelli"}]},{"@type":"WebSite","@id":"https:\/\/chartvalor.ch\/#website","url":"https:\/\/chartvalor.ch\/","name":"Chartvalor AG","description":"","potentialAction":[{"@type":"SearchAction","target":{"@type":"EntryPoint","urlTemplate":"https:\/\/chartvalor.ch\/?s={search_term_string}"},"query-input":{"@type":"PropertyValueSpecification","valueRequired":true,"valueName":"search_term_string"}}],"inLanguage":"en-US"}]}},"_links":{"self":[{"href":"https:\/\/chartvalor.ch\/en\/wp-json\/wp\/v2\/pages\/3645","targetHints":{"allow":["GET"]}}],"collection":[{"href":"https:\/\/chartvalor.ch\/en\/wp-json\/wp\/v2\/pages"}],"about":[{"href":"https:\/\/chartvalor.ch\/en\/wp-json\/wp\/v2\/types\/page"}],"author":[{"embeddable":true,"href":"https:\/\/chartvalor.ch\/en\/wp-json\/wp\/v2\/users\/1"}],"replies":[{"embeddable":true,"href":"https:\/\/chartvalor.ch\/en\/wp-json\/wp\/v2\/comments?post=3645"}],"version-history":[{"count":11,"href":"https:\/\/chartvalor.ch\/en\/wp-json\/wp\/v2\/pages\/3645\/revisions"}],"predecessor-version":[{"id":6113,"href":"https:\/\/chartvalor.ch\/en\/wp-json\/wp\/v2\/pages\/3645\/revisions\/6113"}],"up":[{"embeddable":true,"href":"https:\/\/chartvalor.ch\/en\/wp-json\/wp\/v2\/pages\/3619"}],"wp:attachment":[{"href":"https:\/\/chartvalor.ch\/en\/wp-json\/wp\/v2\/media?parent=3645"}],"curies":[{"name":"wp","href":"https:\/\/api.w.org\/{rel}","templated":true}]}}