{"id":3673,"date":"2022-05-13T09:21:23","date_gmt":"2022-05-13T07:21:23","guid":{"rendered":"https:\/\/chartvalor.odin.toweb.swiss\/team\/martin-leuenberger\/"},"modified":"2022-11-15T11:06:09","modified_gmt":"2022-11-15T10:06:09","slug":"martin-leuenberger","status":"publish","type":"page","link":"https:\/\/chartvalor.ch\/en\/team\/martin-leuenberger\/","title":{"rendered":"Martin Leuenberger"},"content":{"rendered":"<p><div class=\"fusion-fullwidth fullwidth-box fusion-builder-row-1 fusion-flex-container nonhundred-percent-fullwidth non-hundred-percent-height-scrolling fusion-sticky-container\" style=\"--awb-border-radius-top-left:0px;--awb-border-radius-top-right:0px;--awb-border-radius-bottom-right:0px;--awb-border-radius-bottom-left:0px;--awb-padding-top:15px;--awb-padding-bottom:15px;--awb-padding-top-medium:040px;--awb-padding-top-small:20px;--awb-background-color:var(--awb-color1);\" data-transition-offset=\"0\" data-sticky-offset=\"94\" data-scroll-offset=\"0\" data-sticky-large-visibility=\"1\" ><div class=\"fusion-builder-row fusion-row fusion-flex-align-items-flex-start fusion-flex-justify-content-flex-end\" style=\"max-width:1310.4px;margin-left: calc(-4% \/ 2 );margin-right: calc(-4% \/ 2 );\"><div class=\"fusion-layout-column fusion_builder_column fusion-builder-column-0 fusion_builder_column_1_1 1_1 fusion-flex-column\" style=\"--awb-padding-top:0px;--awb-padding-bottom:0px;--awb-padding-top-medium:0px;--awb-padding-right-medium:0px;--awb-padding-bottom-medium:0px;--awb-padding-left-medium:0px;--awb-bg-color:var(--awb-color1);--awb-bg-size:cover;--awb-width-large:100%;--awb-margin-top-large:0px;--awb-spacing-right-large:1.92%;--awb-margin-bottom-large:0px;--awb-spacing-left-large:1.92%;--awb-width-medium:100%;--awb-order-medium:0;--awb-spacing-right-medium:1.92%;--awb-spacing-left-medium:1.92%;--awb-width-small:100%;--awb-order-small:0;--awb-spacing-right-small:1.92%;--awb-spacing-left-small:1.92%;\"><div class=\"fusion-column-wrapper fusion-column-has-shadow fusion-flex-justify-content-flex-start fusion-content-layout-column\"><div class=\"fusion-text fusion-text-1\"><div style=\"display: flex; flex-wrap: wrap; gap: 40px; justify-content: flex-end; align-items: center;\">\n<div><span class=\"fas fa-phone\"> <\/span> <a href=\"tel:0041442096071\">+41 (0)44 209 60 71<\/a><\/div>\n<div><span class=\"fas fa-envelope\"> <\/span> <a href=\"&#x6d;a&#x69;&#108;t&#x6f;&#58;&#x6d;&#97;r&#x74;&#105;&#x6e;&#46;l&#x65;&#117;&#x65;&#x6e;b&#x65;&#114;g&#x65;&#114;&#x40;&#99;h&#x61;&#114;&#x74;&#118;a&#x6c;&#111;&#x72;&#x2e;c&#x68;\">&#109;&#x61;&#114;&#x74;&#105;&#x6e;&#46;&#x6c;&#101;&#x75;&#101;&#x6e;&#98;&#x65;&#114;&#x67;&#101;&#x72;&#64;&#x63;&#104;&#x61;&#114;&#x74;&#118;&#x61;l&#x6f;r&#x2e;c&#x68;<\/a><\/div>\n<\/div>\n<\/div><\/div><\/div><\/div><\/div><div class=\"fusion-fullwidth fullwidth-box fusion-builder-row-2 fusion-flex-container nonhundred-percent-fullwidth non-hundred-percent-height-scrolling\" style=\"--awb-border-sizes-top:0;--awb-border-sizes-bottom:0;--awb-border-radius-top-left:0px;--awb-border-radius-top-right:0px;--awb-border-radius-bottom-right:0px;--awb-border-radius-bottom-left:0px;--awb-padding-top:0px;--awb-padding-bottom:0px;--awb-margin-top:0px;--awb-margin-bottom:0px;\" ><div class=\"fusion-builder-row fusion-row fusion-flex-align-items-flex-start\" style=\"max-width:1310.4px;margin-left: calc(-4% \/ 2 );margin-right: calc(-4% \/ 2 );\"><div class=\"fusion-layout-column fusion_builder_column fusion-builder-column-1 fusion_builder_column_1_1 1_1 fusion-flex-column\" style=\"--awb-bg-size:cover;--awb-width-large:100%;--awb-margin-top-large:20px;--awb-spacing-right-large:1.92%;--awb-margin-bottom-large:20px;--awb-spacing-left-large:1.92%;--awb-width-medium:100%;--awb-order-medium:0;--awb-spacing-right-medium:1.92%;--awb-spacing-left-medium:1.92%;--awb-width-small:100%;--awb-order-small:0;--awb-spacing-right-small:1.92%;--awb-spacing-left-small:1.92%;\"><div class=\"fusion-column-wrapper fusion-column-has-shadow fusion-flex-justify-content-flex-start fusion-content-layout-column\"><div class=\"fusion-title title fusion-title-1 fusion-sep-none fusion-title-text fusion-title-size-one\" style=\"--awb-margin-bottom:0px;\"><h1 class=\"title-heading-left fusion-responsive-typography-calculated\" style=\"margin:0;--fontSize:48;line-height:var(--awb-typography1-line-height);\">Martin Leuenberger, 1972<\/h1><\/div><div class=\"fusion-text fusion-text-2 fusion-text-no-margin\"><p>CEO \/ Partner \/ Eidg. Dipl.Bankfachexperte \/ Certified Wealth Management Advisor<\/p>\n<\/div><\/div><\/div><\/div><\/div><div class=\"fusion-fullwidth fullwidth-box fusion-builder-row-3 fusion-flex-container nonhundred-percent-fullwidth non-hundred-percent-height-scrolling\" style=\"--awb-border-radius-top-left:0px;--awb-border-radius-top-right:0px;--awb-border-radius-bottom-right:0px;--awb-border-radius-bottom-left:0px;--awb-padding-top:0px;\" ><div class=\"fusion-builder-row fusion-row fusion-flex-align-items-flex-start\" style=\"max-width:1310.4px;margin-left: calc(-4% \/ 2 );margin-right: calc(-4% \/ 2 );\"><div class=\"fusion-layout-column fusion_builder_column fusion-builder-column-2 fusion_builder_column_1_1 1_1 fusion-flex-column print:my-0 print:mb-3\" style=\"--awb-bg-size:cover;--awb-width-large:100%;--awb-margin-top-large:20px;--awb-spacing-right-large:1.92%;--awb-margin-bottom-large:50px;--awb-spacing-left-large:1.92%;--awb-width-medium:100%;--awb-order-medium:0;--awb-spacing-right-medium:1.92%;--awb-spacing-left-medium:1.92%;--awb-width-small:100%;--awb-order-small:0;--awb-spacing-right-small:1.92%;--awb-margin-bottom-small:40px;--awb-spacing-left-small:1.92%;\"><div class=\"fusion-column-wrapper fusion-column-has-shadow fusion-flex-justify-content-flex-start fusion-content-layout-column\"><div class=\"fusion-image-element \" style=\"--awb-caption-title-size:var(--h2_typography-font-size);--awb-caption-title-transform:var(--h2_typography-text-transform);--awb-caption-title-line-height:var(--h2_typography-line-height);--awb-caption-title-letter-spacing:var(--h2_typography-letter-spacing);\"><span class=\" fusion-imageframe imageframe-none imageframe-1 hover-type-none img-w-100\"><img decoding=\"async\" width=\"900\" height=\"350\" title=\"Leuenberger_Martin_60-detail\" src=\"https:\/\/chartvalor.ch\/wp-content\/uploads\/2022\/05\/Leuenberger_Martin_60-detail.jpg\" data-orig-src=\"https:\/\/chartvalor.ch\/wp-content\/uploads\/2022\/05\/Leuenberger_Martin_60-detail.jpg\" alt class=\"lazyload img-responsive wp-image-3455\" srcset=\"data:image\/svg+xml,%3Csvg%20xmlns%3D%27http%3A%2F%2Fwww.w3.org%2F2000%2Fsvg%27%20width%3D%27900%27%20height%3D%27350%27%20viewBox%3D%270%200%20900%20350%27%3E%3Crect%20width%3D%27900%27%20height%3D%27350%27%20fill-opacity%3D%220%22%2F%3E%3C%2Fsvg%3E\" data-srcset=\"https:\/\/chartvalor.ch\/wp-content\/uploads\/2022\/05\/Leuenberger_Martin_60-detail-200x78.jpg 200w, https:\/\/chartvalor.ch\/wp-content\/uploads\/2022\/05\/Leuenberger_Martin_60-detail-400x156.jpg 400w, https:\/\/chartvalor.ch\/wp-content\/uploads\/2022\/05\/Leuenberger_Martin_60-detail-600x233.jpg 600w, https:\/\/chartvalor.ch\/wp-content\/uploads\/2022\/05\/Leuenberger_Martin_60-detail-800x311.jpg 800w, https:\/\/chartvalor.ch\/wp-content\/uploads\/2022\/05\/Leuenberger_Martin_60-detail.jpg 900w\" data-sizes=\"auto\" data-orig-sizes=\"(max-width: 640px) 100vw, 900px\" \/><\/span><\/div><\/div><\/div><div class=\"fusion-layout-column fusion_builder_column fusion-builder-column-3 fusion_builder_column_1_2 1_2 fusion-flex-column print:my-0\" style=\"--awb-padding-bottom:0px;--awb-padding-bottom-small:0px;--awb-bg-size:cover;--awb-width-large:50%;--awb-margin-top-large:20px;--awb-spacing-right-large:3.84%;--awb-margin-bottom-large:20px;--awb-spacing-left-large:3.84%;--awb-width-medium:50%;--awb-order-medium:0;--awb-spacing-right-medium:3.84%;--awb-spacing-left-medium:3.84%;--awb-width-small:100%;--awb-order-small:0;--awb-spacing-right-small:1.92%;--awb-spacing-left-small:1.92%;\"><div class=\"fusion-column-wrapper fusion-column-has-shadow fusion-flex-justify-content-flex-start fusion-content-layout-column\"><div class=\"fusion-title title fusion-title-2 fusion-sep-none fusion-title-text fusion-title-size-two\"><h2 class=\"title-heading-left fusion-responsive-typography-calculated\" style=\"margin:0;--fontSize:48;line-height:1.2;\">Berufliche Laufbahn<\/h2><\/div><div class=\"fusion-text fusion-text-3 fusion-text-no-margin\" style=\"--awb-margin-bottom:50px;\"><p><strong>Seit September 2021<\/strong><br \/>\n<span style=\"background-color: rgba(255, 255, 255, 0); color: var(--body_typography-color); font-family: var(--body_typography-font-family); font-size: var(--body_typography-font-size); font-style: var(--body_typography-font-style,normal); font-weight: var(--body_typography-font-weight); letter-spacing: var(--body_typography-letter-spacing);\">Selbst\u00e4ndiger Verm\u00f6gensverwalter<\/span><\/p>\n<p><strong>2018 &#8211; 2021<br \/>\n<\/strong><span style=\"background-color: rgba(255, 255, 255, 0); color: var(--body_typography-color); font-family: var(--body_typography-font-family); font-size: var(--body_typography-font-size); font-style: var(--body_typography-font-style,normal); font-weight: var(--body_typography-font-weight); letter-spacing: var(--body_typography-letter-spacing);\">Senior Client Advisor<br \/>\n<\/span><span style=\"background-color: rgba(255, 255, 255, 0); color: var(--body_typography-color); font-family: var(--body_typography-font-family); font-size: var(--body_typography-font-size); font-style: var(--body_typography-font-style,normal); font-weight: var(--body_typography-font-weight); letter-spacing: var(--body_typography-letter-spacing);\">Banque Lombard Odier &amp; Cie SA Z\u00fcrich<\/span><\/p>\n<p><strong>2013 \u2013 2018<br \/>\n<\/strong><span style=\"background-color: rgba(255, 255, 255, 0); color: var(--body_typography-color); font-family: var(--body_typography-font-family); font-size: var(--body_typography-font-size); font-style: var(--body_typography-font-style,normal); font-weight: var(--body_typography-font-weight); letter-spacing: var(--body_typography-letter-spacing);\">Teamleiter und Senior Client Advisor<br \/>\n<\/span><span style=\"background-color: rgba(255, 255, 255, 0); color: var(--body_typography-color); font-family: var(--body_typography-font-family); font-size: var(--body_typography-font-size); font-style: var(--body_typography-font-style,normal); font-weight: var(--body_typography-font-weight); letter-spacing: var(--body_typography-letter-spacing);\">Notenstein La Roche Privatbank Z\u00fcrich<\/span><\/p>\n<p><strong>2009 &#8211; 2013<br \/>\n<\/strong><span style=\"background-color: rgba(255, 255, 255, 0); color: var(--body_typography-color); font-family: var(--body_typography-font-family); font-size: var(--body_typography-font-size); font-style: var(--body_typography-font-style,normal); font-weight: var(--body_typography-font-weight); letter-spacing: var(--body_typography-letter-spacing);\">Stellvertretender Leiter Executive &amp; Entrepreneurs<br \/>\n<\/span><span style=\"background-color: rgba(255, 255, 255, 0); color: var(--body_typography-color); font-family: var(--body_typography-font-family); font-size: var(--body_typography-font-size); font-style: var(--body_typography-font-style,normal); font-weight: var(--body_typography-font-weight); letter-spacing: var(--body_typography-letter-spacing);\">UBS Region Z\u00fcrich<\/span><\/p>\n<p><strong>2003 &#8211; 2009<br \/>\n<\/strong><span style=\"background-color: rgba(255, 255, 255, 0); color: var(--body_typography-color); font-family: var(--body_typography-font-family); font-size: var(--body_typography-font-size); font-style: var(--body_typography-font-style,normal); font-weight: var(--body_typography-font-weight); letter-spacing: var(--body_typography-letter-spacing);\">Teamleiter Wealth Management<br \/>\n<\/span><span style=\"background-color: rgba(255, 255, 255, 0); color: var(--body_typography-color); font-family: var(--body_typography-font-family); font-size: var(--body_typography-font-size); font-style: var(--body_typography-font-style,normal); font-weight: var(--body_typography-font-weight); letter-spacing: var(--body_typography-letter-spacing);\">UBS Z\u00fcrich<\/span><\/p>\n<p><strong>1998 &#8211; 2002<br \/>\n<\/strong><span style=\"background-color: rgba(255, 255, 255, 0); color: var(--body_typography-color); font-family: var(--body_typography-font-family); font-size: var(--body_typography-font-size); font-style: var(--body_typography-font-style,normal); font-weight: var(--body_typography-font-weight); letter-spacing: var(--body_typography-letter-spacing);\">Teamleiter Privatkunden<br \/>\n<\/span><span style=\"background-color: rgba(255, 255, 255, 0); color: var(--body_typography-color); font-family: var(--body_typography-font-family); font-size: var(--body_typography-font-size); font-style: var(--body_typography-font-style,normal); font-weight: var(--body_typography-font-weight); letter-spacing: var(--body_typography-letter-spacing);\">UBS Z\u00fcrich<\/span><\/p>\n<p><strong>1995 &#8211; 1997<br \/>\n<\/strong><span style=\"background-color: rgba(255, 255, 255, 0); color: var(--body_typography-color); font-family: var(--body_typography-font-family); font-size: var(--body_typography-font-size); font-style: var(--body_typography-font-style,normal); font-weight: var(--body_typography-font-weight); letter-spacing: var(--body_typography-letter-spacing);\">Privatkundenberater<br \/>\n<\/span><span style=\"background-color: rgba(255, 255, 255, 0); color: var(--body_typography-color); font-family: var(--body_typography-font-family); font-size: var(--body_typography-font-size); font-style: var(--body_typography-font-style,normal); font-weight: var(--body_typography-font-weight); letter-spacing: var(--body_typography-letter-spacing);\">SBG Z\u00fcrich<\/span><\/p>\n<p><strong>1993 \u2013 1994<br \/>\n<\/strong><span style=\"background-color: rgba(255, 255, 255, 0); color: var(--body_typography-color); font-family: var(--body_typography-font-family); font-size: var(--body_typography-font-size); font-style: var(--body_typography-font-style,normal); font-weight: var(--body_typography-font-weight); letter-spacing: var(--body_typography-letter-spacing);\">Praktikum f\u00fcr Wirtschaftsmaturanden<br \/>\n<\/span><span style=\"background-color: rgba(255, 255, 255, 0); color: var(--body_typography-color); font-family: var(--body_typography-font-family); font-size: var(--body_typography-font-size); font-style: var(--body_typography-font-style,normal); font-weight: var(--body_typography-font-weight); letter-spacing: var(--body_typography-letter-spacing);\">SBG Z\u00fcrich<\/span><\/p>\n<p><strong>1992<br \/>\n<\/strong><span style=\"background-color: rgba(255, 255, 255, 0); color: var(--body_typography-color); font-family: var(--body_typography-font-family); font-size: var(--body_typography-font-size); font-style: var(--body_typography-font-style,normal); font-weight: var(--body_typography-font-weight); letter-spacing: var(--body_typography-letter-spacing);\">Milit\u00e4rische Ausbildung zum Fourier<\/span><\/p>\n<p><strong>1988 \u2013 1991<br \/>\n<\/strong><span style=\"background-color: rgba(255, 255, 255, 0); color: var(--body_typography-color); font-family: var(--body_typography-font-family); font-size: var(--body_typography-font-size); font-style: var(--body_typography-font-style,normal); font-weight: var(--body_typography-font-weight); letter-spacing: var(--body_typography-letter-spacing);\">Wirtschaftsgymnasium, Maturit\u00e4tsabschluss E<\/span><\/p>\n<\/div><\/div><\/div><div class=\"fusion-layout-column fusion_builder_column fusion-builder-column-4 fusion_builder_column_1_2 1_2 fusion-flex-column print:my-0\" style=\"--awb-bg-size:cover;--awb-width-large:50%;--awb-margin-top-large:20px;--awb-spacing-right-large:3.84%;--awb-margin-bottom-large:20px;--awb-spacing-left-large:3.84%;--awb-width-medium:50%;--awb-order-medium:0;--awb-spacing-right-medium:3.84%;--awb-spacing-left-medium:3.84%;--awb-width-small:100%;--awb-order-small:0;--awb-spacing-right-small:1.92%;--awb-spacing-left-small:1.92%;\"><div class=\"fusion-column-wrapper fusion-column-has-shadow fusion-flex-justify-content-flex-start fusion-content-layout-column\"><div class=\"fusion-title title fusion-title-3 fusion-sep-none fusion-title-text fusion-title-size-two\"><h2 class=\"title-heading-left fusion-responsive-typography-calculated\" style=\"margin:0;--fontSize:48;line-height:1.2;\">Pers\u00f6nliches<\/h2><\/div><div class=\"fusion-text fusion-text-4\"><p>Verheiratet, 2 T\u00f6chter<br \/>\n<span style=\"background-color: rgba(255, 255, 255, 0); color: var(--body_typography-color); font-family: var(--body_typography-font-family); font-size: var(--body_typography-font-size); font-style: var(--body_typography-font-style,normal); font-weight: var(--body_typography-font-weight); letter-spacing: var(--body_typography-letter-spacing);\">Sprachen: Deutsch, Englisch<br \/>\n<\/span><span style=\"background-color: rgba(255, 255, 255, 0); color: var(--body_typography-color); font-family: var(--body_typography-font-family); font-size: var(--body_typography-font-size); font-style: var(--body_typography-font-style,normal); font-weight: var(--body_typography-font-weight); letter-spacing: var(--body_typography-letter-spacing);\">Freizeit: Tennis, Skifahren, Freundschaften pflegen<\/span><\/p>\n<p>Als unabh\u00e4ngiger Verm\u00f6gensverwalter stehen bei mir meine Kunden im Mittelpunkt, welche ich langfristig in den Bereichen Verm\u00f6gensverwaltung, Vorsorge, Finanzierungen, Steuern sowie Nachfolge begleite.<\/p>\n<\/div><\/div><\/div><\/div><\/div><\/p>\n","protected":false},"excerpt":{"rendered":"","protected":false},"author":1,"featured_media":0,"parent":3619,"menu_order":0,"comment_status":"closed","ping_status":"closed","template":"100-width.php","meta":{"footnotes":"","_links_to":"","_links_to_target":""},"class_list":["post-3673","page","type-page","status-publish","hentry"],"yoast_head":"<!-- This site is optimized with the Yoast SEO plugin v24.9 - https:\/\/yoast.com\/wordpress\/plugins\/seo\/ -->\n<title>Martin Leuenberger - Chartvalor AG<\/title>\n<meta name=\"robots\" content=\"index, follow, max-snippet:-1, max-image-preview:large, max-video-preview:-1\" \/>\n<link rel=\"canonical\" href=\"https:\/\/chartvalor.ch\/en\/team\/martin-leuenberger\/\" \/>\n<meta property=\"og:locale\" content=\"en_US\" \/>\n<meta property=\"og:type\" content=\"article\" \/>\n<meta property=\"og:title\" content=\"Martin Leuenberger - Chartvalor AG\" \/>\n<meta property=\"og:url\" content=\"https:\/\/chartvalor.ch\/en\/team\/martin-leuenberger\/\" \/>\n<meta property=\"og:site_name\" content=\"Chartvalor AG\" \/>\n<meta property=\"article:modified_time\" content=\"2022-11-15T10:06:09+00:00\" \/>\n<meta name=\"twitter:card\" content=\"summary_large_image\" \/>\n<meta name=\"twitter:label1\" content=\"Est. reading time\" \/>\n\t<meta name=\"twitter:data1\" content=\"10 minutes\" \/>\n<script type=\"application\/ld+json\" class=\"yoast-schema-graph\">{\"@context\":\"https:\/\/schema.org\",\"@graph\":[{\"@type\":\"WebPage\",\"@id\":\"https:\/\/chartvalor.ch\/en\/team\/martin-leuenberger\/\",\"url\":\"https:\/\/chartvalor.ch\/en\/team\/martin-leuenberger\/\",\"name\":\"Martin Leuenberger - Chartvalor AG\",\"isPartOf\":{\"@id\":\"https:\/\/chartvalor.ch\/#website\"},\"datePublished\":\"2022-05-13T07:21:23+00:00\",\"dateModified\":\"2022-11-15T10:06:09+00:00\",\"breadcrumb\":{\"@id\":\"https:\/\/chartvalor.ch\/en\/team\/martin-leuenberger\/#breadcrumb\"},\"inLanguage\":\"en-US\",\"potentialAction\":[{\"@type\":\"ReadAction\",\"target\":[\"https:\/\/chartvalor.ch\/en\/team\/martin-leuenberger\/\"]}]},{\"@type\":\"BreadcrumbList\",\"@id\":\"https:\/\/chartvalor.ch\/en\/team\/martin-leuenberger\/#breadcrumb\",\"itemListElement\":[{\"@type\":\"ListItem\",\"position\":1,\"name\":\"Home\",\"item\":\"https:\/\/chartvalor.ch\/en\/\"},{\"@type\":\"ListItem\",\"position\":2,\"name\":\"Team\",\"item\":\"https:\/\/chartvalor.ch\/en\/team\/\"},{\"@type\":\"ListItem\",\"position\":3,\"name\":\"Martin Leuenberger\"}]},{\"@type\":\"WebSite\",\"@id\":\"https:\/\/chartvalor.ch\/#website\",\"url\":\"https:\/\/chartvalor.ch\/\",\"name\":\"Chartvalor AG\",\"description\":\"\",\"potentialAction\":[{\"@type\":\"SearchAction\",\"target\":{\"@type\":\"EntryPoint\",\"urlTemplate\":\"https:\/\/chartvalor.ch\/?s={search_term_string}\"},\"query-input\":{\"@type\":\"PropertyValueSpecification\",\"valueRequired\":true,\"valueName\":\"search_term_string\"}}],\"inLanguage\":\"en-US\"}]}<\/script>\n<!-- \/ Yoast SEO plugin. -->","yoast_head_json":{"title":"Martin Leuenberger - Chartvalor AG","robots":{"index":"index","follow":"follow","max-snippet":"max-snippet:-1","max-image-preview":"max-image-preview:large","max-video-preview":"max-video-preview:-1"},"canonical":"https:\/\/chartvalor.ch\/en\/team\/martin-leuenberger\/","og_locale":"en_US","og_type":"article","og_title":"Martin Leuenberger - Chartvalor AG","og_url":"https:\/\/chartvalor.ch\/en\/team\/martin-leuenberger\/","og_site_name":"Chartvalor AG","article_modified_time":"2022-11-15T10:06:09+00:00","twitter_card":"summary_large_image","twitter_misc":{"Est. reading time":"10 minutes"},"schema":{"@context":"https:\/\/schema.org","@graph":[{"@type":"WebPage","@id":"https:\/\/chartvalor.ch\/en\/team\/martin-leuenberger\/","url":"https:\/\/chartvalor.ch\/en\/team\/martin-leuenberger\/","name":"Martin Leuenberger - Chartvalor AG","isPartOf":{"@id":"https:\/\/chartvalor.ch\/#website"},"datePublished":"2022-05-13T07:21:23+00:00","dateModified":"2022-11-15T10:06:09+00:00","breadcrumb":{"@id":"https:\/\/chartvalor.ch\/en\/team\/martin-leuenberger\/#breadcrumb"},"inLanguage":"en-US","potentialAction":[{"@type":"ReadAction","target":["https:\/\/chartvalor.ch\/en\/team\/martin-leuenberger\/"]}]},{"@type":"BreadcrumbList","@id":"https:\/\/chartvalor.ch\/en\/team\/martin-leuenberger\/#breadcrumb","itemListElement":[{"@type":"ListItem","position":1,"name":"Home","item":"https:\/\/chartvalor.ch\/en\/"},{"@type":"ListItem","position":2,"name":"Team","item":"https:\/\/chartvalor.ch\/en\/team\/"},{"@type":"ListItem","position":3,"name":"Martin Leuenberger"}]},{"@type":"WebSite","@id":"https:\/\/chartvalor.ch\/#website","url":"https:\/\/chartvalor.ch\/","name":"Chartvalor AG","description":"","potentialAction":[{"@type":"SearchAction","target":{"@type":"EntryPoint","urlTemplate":"https:\/\/chartvalor.ch\/?s={search_term_string}"},"query-input":{"@type":"PropertyValueSpecification","valueRequired":true,"valueName":"search_term_string"}}],"inLanguage":"en-US"}]}},"_links":{"self":[{"href":"https:\/\/chartvalor.ch\/en\/wp-json\/wp\/v2\/pages\/3673","targetHints":{"allow":["GET"]}}],"collection":[{"href":"https:\/\/chartvalor.ch\/en\/wp-json\/wp\/v2\/pages"}],"about":[{"href":"https:\/\/chartvalor.ch\/en\/wp-json\/wp\/v2\/types\/page"}],"author":[{"embeddable":true,"href":"https:\/\/chartvalor.ch\/en\/wp-json\/wp\/v2\/users\/1"}],"replies":[{"embeddable":true,"href":"https:\/\/chartvalor.ch\/en\/wp-json\/wp\/v2\/comments?post=3673"}],"version-history":[{"count":3,"href":"https:\/\/chartvalor.ch\/en\/wp-json\/wp\/v2\/pages\/3673\/revisions"}],"predecessor-version":[{"id":5886,"href":"https:\/\/chartvalor.ch\/en\/wp-json\/wp\/v2\/pages\/3673\/revisions\/5886"}],"up":[{"embeddable":true,"href":"https:\/\/chartvalor.ch\/en\/wp-json\/wp\/v2\/pages\/3619"}],"wp:attachment":[{"href":"https:\/\/chartvalor.ch\/en\/wp-json\/wp\/v2\/media?parent=3673"}],"curies":[{"name":"wp","href":"https:\/\/api.w.org\/{rel}","templated":true}]}}