{"id":3686,"date":"2022-05-20T11:10:54","date_gmt":"2022-05-20T09:10:54","guid":{"rendered":"https:\/\/chartvalor.odin.toweb.swiss\/team\/urs-grueter\/"},"modified":"2022-12-13T13:37:53","modified_gmt":"2022-12-13T12:37:53","slug":"urs-grueter","status":"publish","type":"page","link":"https:\/\/chartvalor.ch\/en\/team\/urs-grueter\/","title":{"rendered":"Urs Gr\u00fcter"},"content":{"rendered":"<p><div class=\"fusion-fullwidth fullwidth-box fusion-builder-row-1 fusion-flex-container nonhundred-percent-fullwidth non-hundred-percent-height-scrolling fusion-sticky-container\" style=\"--awb-border-radius-top-left:0px;--awb-border-radius-top-right:0px;--awb-border-radius-bottom-right:0px;--awb-border-radius-bottom-left:0px;--awb-padding-top:15px;--awb-padding-bottom:15px;--awb-padding-top-medium:040px;--awb-padding-top-small:20px;--awb-background-color:var(--awb-color1);\" data-transition-offset=\"0\" data-sticky-offset=\"94\" data-scroll-offset=\"0\" data-sticky-large-visibility=\"1\" ><div class=\"fusion-builder-row fusion-row fusion-flex-align-items-flex-start fusion-flex-justify-content-flex-end\" style=\"max-width:1310.4px;margin-left: calc(-4% \/ 2 );margin-right: calc(-4% \/ 2 );\"><div class=\"fusion-layout-column fusion_builder_column fusion-builder-column-0 fusion_builder_column_1_1 1_1 fusion-flex-column\" style=\"--awb-padding-top:0px;--awb-padding-bottom:0px;--awb-padding-top-medium:0px;--awb-padding-right-medium:0px;--awb-padding-bottom-medium:0px;--awb-padding-left-medium:0px;--awb-bg-color:var(--awb-color1);--awb-bg-size:cover;--awb-width-large:100%;--awb-margin-top-large:0px;--awb-spacing-right-large:1.92%;--awb-margin-bottom-large:0px;--awb-spacing-left-large:1.92%;--awb-width-medium:100%;--awb-order-medium:0;--awb-spacing-right-medium:1.92%;--awb-spacing-left-medium:1.92%;--awb-width-small:100%;--awb-order-small:0;--awb-spacing-right-small:1.92%;--awb-spacing-left-small:1.92%;\"><div class=\"fusion-column-wrapper fusion-column-has-shadow fusion-flex-justify-content-flex-start fusion-content-layout-column\"><div class=\"fusion-text fusion-text-1\"><div style=\"display: flex; flex-wrap: wrap; gap: 40px; justify-content: flex-end; align-items: center;\">\n<div><span class=\"fas fa-phone\"> <\/span> <a href=\"tel:0041442096088\">+41 (0)44 209 60 88<\/a><\/div>\n<div><span class=\"fas fa-envelope\"> <\/span><a href=\"mai&#108;&#116;&#111;&#x3a;&#x75;&#x72;&#x73;&#x2e;&#x67;rue&#116;&#101;&#114;&#64;&#x63;&#x68;&#x61;&#x72;&#x74;&#x76;alo&#114;&#46;&#99;&#x68;\">&#x75;&#x72;&#115;&#46;&#x67;&#x72;&#117;et&#x65;&#x72;&#64;c&#x68;&#x61;&#114;&#116;v&#x61;&#x6c;&#111;r&#x2e;&#x63;&#104;<\/a><\/div>\n<\/div>\n<\/div><\/div><\/div><\/div><\/div><div class=\"fusion-fullwidth fullwidth-box fusion-builder-row-2 fusion-flex-container nonhundred-percent-fullwidth non-hundred-percent-height-scrolling\" style=\"--awb-border-sizes-top:0;--awb-border-sizes-bottom:0;--awb-border-radius-top-left:0px;--awb-border-radius-top-right:0px;--awb-border-radius-bottom-right:0px;--awb-border-radius-bottom-left:0px;--awb-padding-top:0px;--awb-padding-bottom:0px;--awb-margin-top:0px;--awb-margin-bottom:0px;\" ><div class=\"fusion-builder-row fusion-row fusion-flex-align-items-flex-start\" style=\"max-width:1310.4px;margin-left: calc(-4% \/ 2 );margin-right: calc(-4% \/ 2 );\"><div class=\"fusion-layout-column fusion_builder_column fusion-builder-column-1 fusion_builder_column_1_1 1_1 fusion-flex-column\" style=\"--awb-bg-size:cover;--awb-width-large:100%;--awb-margin-top-large:20px;--awb-spacing-right-large:1.92%;--awb-margin-bottom-large:20px;--awb-spacing-left-large:1.92%;--awb-width-medium:100%;--awb-order-medium:0;--awb-spacing-right-medium:1.92%;--awb-spacing-left-medium:1.92%;--awb-width-small:100%;--awb-order-small:0;--awb-spacing-right-small:1.92%;--awb-spacing-left-small:1.92%;\"><div class=\"fusion-column-wrapper fusion-column-has-shadow fusion-flex-justify-content-flex-start fusion-content-layout-column\"><div class=\"fusion-title title fusion-title-1 fusion-sep-none fusion-title-text fusion-title-size-one\" style=\"--awb-margin-bottom:0px;\"><h1 class=\"title-heading-left fusion-responsive-typography-calculated\" style=\"margin:0;--fontSize:48;line-height:var(--awb-typography1-line-height);\">URS GR\u00dcTER, 1962<\/h1><\/div><div class=\"fusion-text fusion-text-2 fusion-text-no-margin\"><p>Partner<\/p>\n<\/div><\/div><\/div><\/div><\/div><div class=\"fusion-fullwidth fullwidth-box fusion-builder-row-3 fusion-flex-container nonhundred-percent-fullwidth non-hundred-percent-height-scrolling\" style=\"--awb-border-radius-top-left:0px;--awb-border-radius-top-right:0px;--awb-border-radius-bottom-right:0px;--awb-border-radius-bottom-left:0px;--awb-padding-top:0px;\" ><div class=\"fusion-builder-row fusion-row fusion-flex-align-items-flex-start\" style=\"max-width:1310.4px;margin-left: calc(-4% \/ 2 );margin-right: calc(-4% \/ 2 );\"><div class=\"fusion-layout-column fusion_builder_column fusion-builder-column-2 fusion_builder_column_1_1 1_1 fusion-flex-column print:my-0 print:mb-3\" style=\"--awb-bg-size:cover;--awb-width-large:100%;--awb-margin-top-large:20px;--awb-spacing-right-large:1.92%;--awb-margin-bottom-large:50px;--awb-spacing-left-large:1.92%;--awb-width-medium:100%;--awb-order-medium:0;--awb-spacing-right-medium:1.92%;--awb-spacing-left-medium:1.92%;--awb-width-small:100%;--awb-order-small:0;--awb-spacing-right-small:1.92%;--awb-margin-bottom-small:40px;--awb-spacing-left-small:1.92%;\"><div class=\"fusion-column-wrapper fusion-column-has-shadow fusion-flex-justify-content-flex-start fusion-content-layout-column\"><div class=\"fusion-image-element \" style=\"--awb-caption-title-size:var(--h2_typography-font-size);--awb-caption-title-transform:var(--h2_typography-text-transform);--awb-caption-title-line-height:var(--h2_typography-line-height);--awb-caption-title-letter-spacing:var(--h2_typography-letter-spacing);\"><span class=\" fusion-imageframe imageframe-none imageframe-1 hover-type-none img-w-100\"><img decoding=\"async\" width=\"900\" height=\"350\" title=\"urs-grueter\" src=\"https:\/\/chartvalor.ch\/wp-content\/uploads\/2022\/05\/urs-grueter.jpg\" data-orig-src=\"https:\/\/chartvalor.ch\/wp-content\/uploads\/2022\/05\/urs-grueter.jpg\" alt class=\"lazyload img-responsive wp-image-3531\" srcset=\"data:image\/svg+xml,%3Csvg%20xmlns%3D%27http%3A%2F%2Fwww.w3.org%2F2000%2Fsvg%27%20width%3D%27900%27%20height%3D%27350%27%20viewBox%3D%270%200%20900%20350%27%3E%3Crect%20width%3D%27900%27%20height%3D%27350%27%20fill-opacity%3D%220%22%2F%3E%3C%2Fsvg%3E\" data-srcset=\"https:\/\/chartvalor.ch\/wp-content\/uploads\/2022\/05\/urs-grueter-200x78.jpg 200w, https:\/\/chartvalor.ch\/wp-content\/uploads\/2022\/05\/urs-grueter-400x156.jpg 400w, https:\/\/chartvalor.ch\/wp-content\/uploads\/2022\/05\/urs-grueter-600x233.jpg 600w, https:\/\/chartvalor.ch\/wp-content\/uploads\/2022\/05\/urs-grueter-800x311.jpg 800w, https:\/\/chartvalor.ch\/wp-content\/uploads\/2022\/05\/urs-grueter.jpg 900w\" data-sizes=\"auto\" data-orig-sizes=\"(max-width: 640px) 100vw, 900px\" \/><\/span><\/div><\/div><\/div><div class=\"fusion-layout-column fusion_builder_column fusion-builder-column-3 fusion_builder_column_1_2 1_2 fusion-flex-column print:my-0 print:mb-3\" style=\"--awb-padding-bottom:0px;--awb-padding-bottom-small:0px;--awb-bg-size:cover;--awb-width-large:50%;--awb-margin-top-large:20px;--awb-spacing-right-large:3.84%;--awb-margin-bottom-large:20px;--awb-spacing-left-large:3.84%;--awb-width-medium:50%;--awb-order-medium:0;--awb-spacing-right-medium:3.84%;--awb-spacing-left-medium:3.84%;--awb-width-small:100%;--awb-order-small:0;--awb-spacing-right-small:1.92%;--awb-spacing-left-small:1.92%;\"><div class=\"fusion-column-wrapper fusion-column-has-shadow fusion-flex-justify-content-flex-start fusion-content-layout-column\"><div class=\"fusion-title title fusion-title-2 fusion-sep-none fusion-title-text fusion-title-size-two\"><h2 class=\"title-heading-left fusion-responsive-typography-calculated\" style=\"margin:0;--fontSize:48;line-height:1.2;\">Berufliche Laufbahn<\/h2><\/div><div class=\"fusion-text fusion-text-3 fusion-text-no-margin\" style=\"--awb-margin-bottom:50px;\"><p><strong>Seit 2012<\/strong><br \/>\nSelbst\u00e4ndiger Verm\u00f6gensverwalter Chartvalor AG<\/p>\n<p><strong>2009 &#8211; 2012<\/strong><br \/>\nTeamleiter Private Banking<br \/>\nBank Vontobel AG, Z\u00fcrich<\/p>\n<p><strong>2005 &#8211; 2009<\/strong><br \/>\nTeamleiter Private Banking<br \/>\nCommerzbank (Schweiz) AG, Z\u00fcrich<\/p>\n<p><strong>1989 &#8211; 2005<\/strong><br \/>\nKreditabteilung sp\u00e4ter Private Banking<br \/>\nBank von Ernst &amp; Cie AG, Z\u00fcrich<\/p>\n<p><strong>1986 &#8211; 1989<\/strong><br \/>\nKreditabteilung<br \/>\nLloyds Bank plc, Z\u00fcrich<\/p>\n<p><strong>1979 &#8211; 1986<\/strong><br \/>\nKV-Lehre und diverse Stationen<br \/>\nLuzerner Kantonalbank, Luzern<\/p>\n<\/div><\/div><\/div><div class=\"fusion-layout-column fusion_builder_column fusion-builder-column-4 fusion_builder_column_1_2 1_2 fusion-flex-column print:my-0 print:mb-3\" style=\"--awb-bg-size:cover;--awb-width-large:50%;--awb-margin-top-large:20px;--awb-spacing-right-large:3.84%;--awb-margin-bottom-large:20px;--awb-spacing-left-large:3.84%;--awb-width-medium:50%;--awb-order-medium:0;--awb-spacing-right-medium:3.84%;--awb-spacing-left-medium:3.84%;--awb-width-small:100%;--awb-order-small:0;--awb-spacing-right-small:1.92%;--awb-spacing-left-small:1.92%;\"><div class=\"fusion-column-wrapper fusion-column-has-shadow fusion-flex-justify-content-flex-start fusion-content-layout-column\"><div class=\"fusion-title title fusion-title-3 fusion-sep-none fusion-title-text fusion-title-size-two\"><h2 class=\"title-heading-left fusion-responsive-typography-calculated\" style=\"margin:0;--fontSize:48;line-height:1.2;\">Pers\u00f6nliches<\/h2><\/div><div class=\"fusion-text fusion-text-4\"><p>Durch meine fundierte Ausbildung im Bankwesen und die langj\u00e4hrige Erfahrung k\u00f6nnen Sie sicher sein, dass Ihr Anlageportfolio exakt auf Ihre W\u00fcnsche, Bed\u00fcrfnisse und M\u00f6glichkeiten zugeschnitten ist. Sprachen Deutsch und Englisch.<\/p>\n<\/div><\/div><\/div><\/div><\/div><\/p>\n","protected":false},"excerpt":{"rendered":"","protected":false},"author":1,"featured_media":0,"parent":3619,"menu_order":0,"comment_status":"closed","ping_status":"closed","template":"100-width.php","meta":{"footnotes":"","_links_to":"","_links_to_target":""},"class_list":["post-3686","page","type-page","status-publish","hentry"],"yoast_head":"<!-- This site is optimized with the Yoast SEO plugin v24.9 - https:\/\/yoast.com\/wordpress\/plugins\/seo\/ -->\n<title>Urs Gr\u00fcter - Chartvalor AG<\/title>\n<meta name=\"robots\" content=\"index, follow, max-snippet:-1, max-image-preview:large, max-video-preview:-1\" \/>\n<link rel=\"canonical\" href=\"https:\/\/chartvalor.ch\/en\/team\/urs-grueter\/\" \/>\n<meta property=\"og:locale\" content=\"en_US\" \/>\n<meta property=\"og:type\" content=\"article\" \/>\n<meta property=\"og:title\" content=\"Urs Gr\u00fcter - Chartvalor AG\" \/>\n<meta property=\"og:url\" content=\"https:\/\/chartvalor.ch\/en\/team\/urs-grueter\/\" \/>\n<meta property=\"og:site_name\" content=\"Chartvalor AG\" \/>\n<meta property=\"article:modified_time\" content=\"2022-12-13T12:37:53+00:00\" \/>\n<meta name=\"twitter:card\" content=\"summary_large_image\" \/>\n<meta name=\"twitter:label1\" content=\"Est. reading time\" \/>\n\t<meta name=\"twitter:data1\" content=\"10 minutes\" \/>\n<script type=\"application\/ld+json\" class=\"yoast-schema-graph\">{\"@context\":\"https:\/\/schema.org\",\"@graph\":[{\"@type\":\"WebPage\",\"@id\":\"https:\/\/chartvalor.ch\/en\/team\/urs-grueter\/\",\"url\":\"https:\/\/chartvalor.ch\/en\/team\/urs-grueter\/\",\"name\":\"Urs Gr\u00fcter - Chartvalor AG\",\"isPartOf\":{\"@id\":\"https:\/\/chartvalor.ch\/#website\"},\"datePublished\":\"2022-05-20T09:10:54+00:00\",\"dateModified\":\"2022-12-13T12:37:53+00:00\",\"breadcrumb\":{\"@id\":\"https:\/\/chartvalor.ch\/en\/team\/urs-grueter\/#breadcrumb\"},\"inLanguage\":\"en-US\",\"potentialAction\":[{\"@type\":\"ReadAction\",\"target\":[\"https:\/\/chartvalor.ch\/en\/team\/urs-grueter\/\"]}]},{\"@type\":\"BreadcrumbList\",\"@id\":\"https:\/\/chartvalor.ch\/en\/team\/urs-grueter\/#breadcrumb\",\"itemListElement\":[{\"@type\":\"ListItem\",\"position\":1,\"name\":\"Home\",\"item\":\"https:\/\/chartvalor.ch\/en\/\"},{\"@type\":\"ListItem\",\"position\":2,\"name\":\"Team\",\"item\":\"https:\/\/chartvalor.ch\/en\/team\/\"},{\"@type\":\"ListItem\",\"position\":3,\"name\":\"Urs Gr\u00fcter\"}]},{\"@type\":\"WebSite\",\"@id\":\"https:\/\/chartvalor.ch\/#website\",\"url\":\"https:\/\/chartvalor.ch\/\",\"name\":\"Chartvalor AG\",\"description\":\"\",\"potentialAction\":[{\"@type\":\"SearchAction\",\"target\":{\"@type\":\"EntryPoint\",\"urlTemplate\":\"https:\/\/chartvalor.ch\/?s={search_term_string}\"},\"query-input\":{\"@type\":\"PropertyValueSpecification\",\"valueRequired\":true,\"valueName\":\"search_term_string\"}}],\"inLanguage\":\"en-US\"}]}<\/script>\n<!-- \/ Yoast SEO plugin. -->","yoast_head_json":{"title":"Urs Gr\u00fcter - Chartvalor AG","robots":{"index":"index","follow":"follow","max-snippet":"max-snippet:-1","max-image-preview":"max-image-preview:large","max-video-preview":"max-video-preview:-1"},"canonical":"https:\/\/chartvalor.ch\/en\/team\/urs-grueter\/","og_locale":"en_US","og_type":"article","og_title":"Urs Gr\u00fcter - Chartvalor AG","og_url":"https:\/\/chartvalor.ch\/en\/team\/urs-grueter\/","og_site_name":"Chartvalor AG","article_modified_time":"2022-12-13T12:37:53+00:00","twitter_card":"summary_large_image","twitter_misc":{"Est. reading time":"10 minutes"},"schema":{"@context":"https:\/\/schema.org","@graph":[{"@type":"WebPage","@id":"https:\/\/chartvalor.ch\/en\/team\/urs-grueter\/","url":"https:\/\/chartvalor.ch\/en\/team\/urs-grueter\/","name":"Urs Gr\u00fcter - Chartvalor AG","isPartOf":{"@id":"https:\/\/chartvalor.ch\/#website"},"datePublished":"2022-05-20T09:10:54+00:00","dateModified":"2022-12-13T12:37:53+00:00","breadcrumb":{"@id":"https:\/\/chartvalor.ch\/en\/team\/urs-grueter\/#breadcrumb"},"inLanguage":"en-US","potentialAction":[{"@type":"ReadAction","target":["https:\/\/chartvalor.ch\/en\/team\/urs-grueter\/"]}]},{"@type":"BreadcrumbList","@id":"https:\/\/chartvalor.ch\/en\/team\/urs-grueter\/#breadcrumb","itemListElement":[{"@type":"ListItem","position":1,"name":"Home","item":"https:\/\/chartvalor.ch\/en\/"},{"@type":"ListItem","position":2,"name":"Team","item":"https:\/\/chartvalor.ch\/en\/team\/"},{"@type":"ListItem","position":3,"name":"Urs Gr\u00fcter"}]},{"@type":"WebSite","@id":"https:\/\/chartvalor.ch\/#website","url":"https:\/\/chartvalor.ch\/","name":"Chartvalor AG","description":"","potentialAction":[{"@type":"SearchAction","target":{"@type":"EntryPoint","urlTemplate":"https:\/\/chartvalor.ch\/?s={search_term_string}"},"query-input":{"@type":"PropertyValueSpecification","valueRequired":true,"valueName":"search_term_string"}}],"inLanguage":"en-US"}]}},"_links":{"self":[{"href":"https:\/\/chartvalor.ch\/en\/wp-json\/wp\/v2\/pages\/3686","targetHints":{"allow":["GET"]}}],"collection":[{"href":"https:\/\/chartvalor.ch\/en\/wp-json\/wp\/v2\/pages"}],"about":[{"href":"https:\/\/chartvalor.ch\/en\/wp-json\/wp\/v2\/types\/page"}],"author":[{"embeddable":true,"href":"https:\/\/chartvalor.ch\/en\/wp-json\/wp\/v2\/users\/1"}],"replies":[{"embeddable":true,"href":"https:\/\/chartvalor.ch\/en\/wp-json\/wp\/v2\/comments?post=3686"}],"version-history":[{"count":12,"href":"https:\/\/chartvalor.ch\/en\/wp-json\/wp\/v2\/pages\/3686\/revisions"}],"predecessor-version":[{"id":6076,"href":"https:\/\/chartvalor.ch\/en\/wp-json\/wp\/v2\/pages\/3686\/revisions\/6076"}],"up":[{"embeddable":true,"href":"https:\/\/chartvalor.ch\/en\/wp-json\/wp\/v2\/pages\/3619"}],"wp:attachment":[{"href":"https:\/\/chartvalor.ch\/en\/wp-json\/wp\/v2\/media?parent=3686"}],"curies":[{"name":"wp","href":"https:\/\/api.w.org\/{rel}","templated":true}]}}