{"id":3757,"date":"2022-05-16T09:24:30","date_gmt":"2022-05-16T07:24:30","guid":{"rendered":"https:\/\/chartvalor.odin.toweb.swiss\/note-legali\/"},"modified":"2022-05-25T09:13:40","modified_gmt":"2022-05-25T07:13:40","slug":"note-legali","status":"publish","type":"page","link":"https:\/\/chartvalor.ch\/it\/note-legali\/","title":{"rendered":"Note legali"},"content":{"rendered":"<div class=\"fusion-fullwidth fullwidth-box fusion-builder-row-1 fusion-flex-container nonhundred-percent-fullwidth non-hundred-percent-height-scrolling\" style=\"--awb-border-radius-top-left:0px;--awb-border-radius-top-right:0px;--awb-border-radius-bottom-right:0px;--awb-border-radius-bottom-left:0px;\" ><div class=\"fusion-builder-row fusion-row fusion-flex-align-items-flex-start\" style=\"max-width:1310.4px;margin-left: calc(-4% \/ 2 );margin-right: calc(-4% \/ 2 );\"><div class=\"fusion-layout-column fusion_builder_column fusion-builder-column-0 fusion_builder_column_1_1 1_1 fusion-flex-column\" style=\"--awb-bg-size:cover;--awb-width-large:100%;--awb-margin-top-large:20px;--awb-spacing-right-large:1.92%;--awb-margin-bottom-large:20px;--awb-spacing-left-large:1.92%;--awb-width-medium:100%;--awb-order-medium:0;--awb-spacing-right-medium:1.92%;--awb-spacing-left-medium:1.92%;--awb-width-small:100%;--awb-order-small:0;--awb-spacing-right-small:1.92%;--awb-spacing-left-small:1.92%;\"><div class=\"fusion-column-wrapper fusion-column-has-shadow fusion-flex-justify-content-flex-start fusion-content-layout-column\"><div class=\"fusion-title title fusion-title-1 fusion-sep-none fusion-title-text fusion-title-size-one\"><h1 class=\"title-heading-left fusion-responsive-typography-calculated\" style=\"margin:0;--fontSize:48;line-height:var(--awb-typography1-line-height);\">Note legali<\/h1><\/div><div class=\"fusion-text fusion-text-1\"><p>Diese Webseite wird von Chartvalor AG, einer Verm\u00f6gensverwaltungsfirma in Z\u00fcrich (Schweiz) betrieben. Personen, welche die auf der Webseite von Chartvalor AG (nachfolgend Chartvalor Webseite genannt) im World Wide Web ver\u00f6ffentlichten Informationen abrufen, erkl\u00e4ren sich mit den nachstehenden Bedingungen einverstanden.<\/p>\n<h3>ZUGRIFF<\/h3>\n<p>Die Chartvalor Webseite ist nicht f\u00fcr Personen bestimmt, die einem Gerichtsstand unterstehen, der die Publikation bzw. den Zugang zur Chartvalor Webseite (aufgrund der Nationalit\u00e4t der betreffenden Person, ihres Wohnsitzes oder aus anderen Gr\u00fcnden) verbietet. Personen, auf die solche Einschr\u00e4nkungen zutreffen, ist der Zugriff auf die Chartvalor Webseite nicht gestattet. Dies gilt insbesondere f\u00fcr US-B\u00fcrger. Wenn Sie einem solchen Staat mit Restriktion bez\u00fcglich der Nutzung des Angebotes auf dieser Webseite angeh\u00f6ren, m\u00fcssen Sie die Chartvalor Webseite sofort verlassen.<\/p>\n<h3>GENERELLE RESTRIKTION<\/h3>\n<p>Die auf der Chartvalor Webseite publizierten Informationen begr\u00fcnden weder eine Aufforderung noch ein Angebot oder eine Empfehlung zum Erwerb oder Verkauf von Anlageinstrumenten oder zur T\u00e4tigung sonstiger Transaktionen.<br \/>\nBitte beachten Sie, dass sich der Wert einer Investition steigend wie auch fallend ver\u00e4ndern kann. Eine positive Wertentwicklung in der Vergangenheit ist somit keine Garantie f\u00fcr eine k\u00fcnftig positive Weiterentwicklung. Anlagen in Fremdw\u00e4hrungen unterliegen zus\u00e4tzlich auch W\u00e4hrungsschwankungen.<\/p>\n<p>Die Angaben auf der Chartvalor AG Website stellen weder Entscheidungshilfen noch Empfehlungen f\u00fcr wirtschaftliche, rechtliche, steuerliche oder andere Beratungsfragen dar, noch d\u00fcrfen allein aufgrund dieser Angaben Anlage- oder sonstige Entscheide gef\u00e4llt werden. Das Beiziehen einer qualifizierten Fachperson wird empfohlen.<\/p>\n<h3>URHEBERRECHT<\/h3>\n<p>Der gesamte Inhalt der Chartvalor Webseite ist urheberrechtlich gesch\u00fctzt. Alle Rechte sind vorbehalten. Die Weiterverbreitung dieser Informationen oder deren Wiedergabe als Ganzes bzw. in Teilen ist weder schriftlich noch auf dem elektronischen Weg ohne ausdr\u00fcckliche Zustimmung von Chartvalor AG erlaubt.<\/p>\n<h3>GARANTIE- UND HAFTUNGSAUSSCHLUSS<\/h3>\n<p>Die vorliegenden Informationen werden von Chartvalor AG unter gr\u00f6sster Sorgfalt zusammengestellt und laufend aktualisiert. Trotzdem \u00fcbernimmt Chartvalor AG nicht die Verantwortung f\u00fcr eventuell falsch wiedergegebene oder unvollst\u00e4ndige Informationen (einschliesslich Haftung gegen\u00fcber Dritten). Der Inhalt der Webseiten kann jederzeit und ohne vorherige Ank\u00fcndigungen ge\u00e4ndert werden.<\/p>\n<p>Zudem lehnt Chartvalor AG jede Haftung f\u00fcr Sch\u00e4den am EDV-System des Internet-Benutzers, sei es auch Viren oder gezielter Hackingangriffe ab. Es empfiehlt sich die Verwendung von aktuellen Browser-Versionen und die Installation von aktualisierter Anti-Virensoftware.<\/p>\n<p>Wir \u00fcbernehmen keine Haftung f\u00fcr den Inhalt der Webseiten von Dritten, die \u00fcber Links auf unserer Webseite aufgerufen werden.<\/p>\n<h3>DATENSCHUTZ<\/h3>\n<p>Bei einem Besuch auf unserer Webseite k\u00f6nnen Zugangsinformationen (wie Datum, Uhrzeit oder aufgerufene Seiten) gesammelt werden. Diese Informationen werden anonym ohne Bezug auf irgendeine Person gesammelt. F\u00fcr das Sammeln dieser Informationen, die f\u00fcr statistische Zwecke verwendet werden (wie E-Mail-Adresse, Name oder Adresse) geben Sie uns freiwillig die Zustimmung. Personenbezogene Daten f\u00fcr eine allf\u00e4llige Kontaktaufnahme werden ausschliesslich f\u00fcr diesen Zweck gesammelt und verwendet.<\/p>\n<h3>GEISTIGES EIGENTUM<\/h3>\n<p>Die Inhalte unserer Webseite werden durch geistige Eigentumsrechte gesch\u00fctzt, Inhalte von Dritten sind entsprechend gekennzeichnet. Der Inhalt unserer Webseite darf nur mit ausdr\u00fccklicher Genehmigung der Chartvalor AG kopiert, verbreitet, ver\u00e4ndert, oder Dritten zug\u00e4nglich gemacht werden. Downloads, Ausdrucke und Kopien der Inhalte unserer Webseite sind nur f\u00fcr den privaten Gebrauch gestattet.<\/p>\n<h3>GERICHTSSTAND<\/h3>\n<p>Inhalt und Nutzung der Chartvalor Webseite richtet sich nach Schweizerischem Recht, insbesondere bez\u00fcglich Interpretation und Rechtsauslegung. Der Gerichtsstand ist in Z\u00fcrich (Schweiz).<\/p>\n<p>Chartvalor AG<br \/>\nTessinerplatz 7<br \/>\nCH-8027 | Z\u00fcrich<\/p>\n<\/div><\/div><\/div><\/div><\/div>\n","protected":false},"excerpt":{"rendered":"","protected":false},"author":1,"featured_media":0,"parent":0,"menu_order":0,"comment_status":"closed","ping_status":"closed","template":"100-width.php","meta":{"footnotes":"","_links_to":"","_links_to_target":""},"class_list":["post-3757","page","type-page","status-publish","hentry"],"yoast_head":"<!-- This site is optimized with the Yoast SEO plugin v24.9 - https:\/\/yoast.com\/wordpress\/plugins\/seo\/ -->\n<title>Note legali - Chartvalor AG<\/title>\n<meta name=\"robots\" content=\"index, follow, max-snippet:-1, max-image-preview:large, max-video-preview:-1\" \/>\n<link rel=\"canonical\" href=\"https:\/\/chartvalor.ch\/it\/note-legali\/\" \/>\n<meta property=\"og:locale\" content=\"it_IT\" \/>\n<meta property=\"og:type\" content=\"article\" \/>\n<meta property=\"og:title\" content=\"Note legali - Chartvalor AG\" \/>\n<meta property=\"og:url\" content=\"https:\/\/chartvalor.ch\/it\/note-legali\/\" \/>\n<meta property=\"og:site_name\" content=\"Chartvalor AG\" \/>\n<meta property=\"article:modified_time\" content=\"2022-05-25T07:13:40+00:00\" \/>\n<meta name=\"twitter:card\" content=\"summary_large_image\" \/>\n<meta name=\"twitter:label1\" content=\"Tempo di lettura stimato\" \/>\n\t<meta name=\"twitter:data1\" content=\"6 minuti\" \/>\n<script type=\"application\/ld+json\" class=\"yoast-schema-graph\">{\"@context\":\"https:\/\/schema.org\",\"@graph\":[{\"@type\":\"WebPage\",\"@id\":\"https:\/\/chartvalor.ch\/it\/note-legali\/\",\"url\":\"https:\/\/chartvalor.ch\/it\/note-legali\/\",\"name\":\"Note legali - Chartvalor AG\",\"isPartOf\":{\"@id\":\"https:\/\/chartvalor.ch\/#website\"},\"datePublished\":\"2022-05-16T07:24:30+00:00\",\"dateModified\":\"2022-05-25T07:13:40+00:00\",\"breadcrumb\":{\"@id\":\"https:\/\/chartvalor.ch\/it\/note-legali\/#breadcrumb\"},\"inLanguage\":\"it-IT\",\"potentialAction\":[{\"@type\":\"ReadAction\",\"target\":[\"https:\/\/chartvalor.ch\/it\/note-legali\/\"]}]},{\"@type\":\"BreadcrumbList\",\"@id\":\"https:\/\/chartvalor.ch\/it\/note-legali\/#breadcrumb\",\"itemListElement\":[{\"@type\":\"ListItem\",\"position\":1,\"name\":\"Home\",\"item\":\"https:\/\/chartvalor.ch\/it\/\"},{\"@type\":\"ListItem\",\"position\":2,\"name\":\"Note legali\"}]},{\"@type\":\"WebSite\",\"@id\":\"https:\/\/chartvalor.ch\/#website\",\"url\":\"https:\/\/chartvalor.ch\/\",\"name\":\"Chartvalor AG\",\"description\":\"\",\"potentialAction\":[{\"@type\":\"SearchAction\",\"target\":{\"@type\":\"EntryPoint\",\"urlTemplate\":\"https:\/\/chartvalor.ch\/?s={search_term_string}\"},\"query-input\":{\"@type\":\"PropertyValueSpecification\",\"valueRequired\":true,\"valueName\":\"search_term_string\"}}],\"inLanguage\":\"it-IT\"}]}<\/script>\n<!-- \/ Yoast SEO plugin. -->","yoast_head_json":{"title":"Note legali - Chartvalor AG","robots":{"index":"index","follow":"follow","max-snippet":"max-snippet:-1","max-image-preview":"max-image-preview:large","max-video-preview":"max-video-preview:-1"},"canonical":"https:\/\/chartvalor.ch\/it\/note-legali\/","og_locale":"it_IT","og_type":"article","og_title":"Note legali - Chartvalor AG","og_url":"https:\/\/chartvalor.ch\/it\/note-legali\/","og_site_name":"Chartvalor AG","article_modified_time":"2022-05-25T07:13:40+00:00","twitter_card":"summary_large_image","twitter_misc":{"Tempo di lettura stimato":"6 minuti"},"schema":{"@context":"https:\/\/schema.org","@graph":[{"@type":"WebPage","@id":"https:\/\/chartvalor.ch\/it\/note-legali\/","url":"https:\/\/chartvalor.ch\/it\/note-legali\/","name":"Note legali - Chartvalor AG","isPartOf":{"@id":"https:\/\/chartvalor.ch\/#website"},"datePublished":"2022-05-16T07:24:30+00:00","dateModified":"2022-05-25T07:13:40+00:00","breadcrumb":{"@id":"https:\/\/chartvalor.ch\/it\/note-legali\/#breadcrumb"},"inLanguage":"it-IT","potentialAction":[{"@type":"ReadAction","target":["https:\/\/chartvalor.ch\/it\/note-legali\/"]}]},{"@type":"BreadcrumbList","@id":"https:\/\/chartvalor.ch\/it\/note-legali\/#breadcrumb","itemListElement":[{"@type":"ListItem","position":1,"name":"Home","item":"https:\/\/chartvalor.ch\/it\/"},{"@type":"ListItem","position":2,"name":"Note legali"}]},{"@type":"WebSite","@id":"https:\/\/chartvalor.ch\/#website","url":"https:\/\/chartvalor.ch\/","name":"Chartvalor AG","description":"","potentialAction":[{"@type":"SearchAction","target":{"@type":"EntryPoint","urlTemplate":"https:\/\/chartvalor.ch\/?s={search_term_string}"},"query-input":{"@type":"PropertyValueSpecification","valueRequired":true,"valueName":"search_term_string"}}],"inLanguage":"it-IT"}]}},"_links":{"self":[{"href":"https:\/\/chartvalor.ch\/it\/wp-json\/wp\/v2\/pages\/3757","targetHints":{"allow":["GET"]}}],"collection":[{"href":"https:\/\/chartvalor.ch\/it\/wp-json\/wp\/v2\/pages"}],"about":[{"href":"https:\/\/chartvalor.ch\/it\/wp-json\/wp\/v2\/types\/page"}],"author":[{"embeddable":true,"href":"https:\/\/chartvalor.ch\/it\/wp-json\/wp\/v2\/users\/1"}],"replies":[{"embeddable":true,"href":"https:\/\/chartvalor.ch\/it\/wp-json\/wp\/v2\/comments?post=3757"}],"version-history":[{"count":1,"href":"https:\/\/chartvalor.ch\/it\/wp-json\/wp\/v2\/pages\/3757\/revisions"}],"predecessor-version":[{"id":3760,"href":"https:\/\/chartvalor.ch\/it\/wp-json\/wp\/v2\/pages\/3757\/revisions\/3760"}],"wp:attachment":[{"href":"https:\/\/chartvalor.ch\/it\/wp-json\/wp\/v2\/media?parent=3757"}],"curies":[{"name":"wp","href":"https:\/\/api.w.org\/{rel}","templated":true}]}}